{"id":1879,"date":"2024-06-06T11:11:44","date_gmt":"2024-06-06T09:11:44","guid":{"rendered":"https:\/\/stoic-nightingale.49-13-145-63.plesk.page\/?page_id=1879"},"modified":"2024-06-06T11:15:17","modified_gmt":"2024-06-06T09:15:17","slug":"spis-tresci-przygotowanie-mpu","status":"publish","type":"page","link":"https:\/\/mpu.info.pl\/pl\/inhaltsverzeichnis-mpu-vorbereitung","title":{"rendered":"Spis tre\u015bci Przygotowanie MPU Polish"},"content":{"rendered":"<h2 class=\"wp-block-heading\">Poradnictwo z zakresu psychologii ruchu drogowego i przygotowanie do MPU w j\u0119zyku polskim<\/h2>\n\n\n\n<p>Doradztwo MPU w zakresie psychologii ruchu drogowego oczywi\u015bcie r\u00f3wnie\u017c w j\u0119zyku niemieckim.<\/p>\n\n\n\n<p>Bardziej bezpo\u015bredni <a href=\"\/pl\/kontakt\/\" title=\"Skontaktuj si\u0119 z nami\"  data-wpil-monitor-id=\"62\">Skontaktuj si\u0119 z nami<\/a> r\u00f3wnie\u017c przez WhatsApp pod adresem: +49 173 77 33 42 3<\/p>\n\n\n\n<p>Istnieje wiele uprzedze\u0144 i historii na temat bada\u0144 medyczno-psychologicznych, w skr\u00f3cie \"MPU\", kt\u00f3re denerwuj\u0105 i irytuj\u0105 osoby, kt\u00f3rych dotycz\u0105.<\/p>\n\n\n\n<p><strong>Co tak naprawd\u0119 jest prawd\u0105? Co trzeba spe\u0142ni\u0107, aby zda\u0107 MPU?<\/strong><\/p>\n\n\n\n<p>Irytuj\u0105ce s\u0105 r\u00f3wnie\u017c informacje o popularnie lekcewa\u017c\u0105cym okre\u015bleniu \"test idioty\" od samozwa\u0144czych \"ekspert\u00f3w\". Psychologiczne doradztwo w zakresie sprawno\u015bci jazdy w ruchu drogowym w okresie poprzedzaj\u0105cym <a href=\"\/pl\/mpu-beratung-2\/\"  data-wpil-monitor-id=\"63\">MPU<\/a> jest prowadzona przez renomowanych doradc\u00f3w z zakresu psychologii ruchu drogowego.<\/p>\n\n\n\n<p>Celem doradztwa jest wykorzystanie okresu zakazu prowadzenia pojazd\u00f3w do <a href=\"\/pl\/przygotowanie-mpu-w-jezyku-niemieckim\/\"  data-wpil-monitor-id=\"64\">Przygotowanie<\/a> dla MPU i trwale przywr\u00f3ci\u0107 zdolno\u015b\u0107 do prowadzenia pojazd\u00f3w. Uznani doradcy z zakresu psychologii ruchu drogowego podlegaj\u0105 \u015bcis\u0142ym obowi\u0105zkom szkoleniowym.<\/p>\n\n\n\n<h2 class=\"wp-block-heading\">Doradztwo MPU w j\u0119zyku polskim i niemieckim<\/h2>\n\n\n\n<p>Badania pokazuj\u0105, \u017ce szansa na pozytywn\u0105 ocen\u0119 jest znacznie wy\u017csza po wzi\u0119ciu udzia\u0142u w sesji doradczej i ukierunkowanym przygotowaniu, w kt\u00f3rym niezb\u0119dna wiedza i istotne fakty s\u0105 przedstawiane za pomoc\u0105 praktycznych wskaz\u00f3wek.<\/p>\n\n\n\n<p>Wtedy mo\u017cna unikn\u0105\u0107 niepotrzebnych b\u0142\u0119d\u00f3w i z\u0142ych strategii. I nic nie stoi na przeszkodzie, by MPU by\u0142o pozytywne.<\/p>\n\n\n\n<p><strong>Porady ekspert\u00f3w zapewni\u0105 ci jasno\u015b\u0107 w istotnych kwestiach, takich jak<\/strong><\/p>\n\n\n\n<ul class=\"wp-block-list\">\n<li>Procedura MPU (medycyna ruchu, psychologia ruchu, diagnostyka wydajno\u015bci)<\/li>\n\n\n\n<li>Je\u015bli kryteria oceny s\u0105 spe\u0142nione<\/li>\n\n\n\n<li>Wyja\u015bnienie wymog\u00f3w prawnych<\/li>\n\n\n\n<li>Jakie s\u0105 obecne szanse na pozytywny wynik MPU?<\/li>\n\n\n\n<li>Czy konsekwencje wyci\u0105gni\u0119te do tej pory po incydencie s\u0105 wystarczaj\u0105ce, czy te\u017c nale\u017cy jeszcze co\u015b zrobi\u0107, aby si\u0119 na nie przygotowa\u0107?<\/li>\n\n\n\n<li>Kiedy i w kt\u00f3rym centrum oceny zarejestrujesz si\u0119 do MPU<\/li>\n\n\n\n<li>Jakie ustalenia\/dowody medyczne s\u0105 niezb\u0119dne do pozytywnej oceny?<\/li>\n<\/ul>\n\n\n\n<p>MPU zasadniczo polega na rejestrowaniu i ocenie osobistej zdolno\u015bci do prowadzenia pojazdu. Wa\u017cne jest, aby wiedzie\u0107, co doprowadzi\u0142o do wykroczenia za kierownic\u0105 w przesz\u0142o\u015bci, jakie zmiany ju\u017c wprowadzi\u0142e\u015b i jak zamierzasz unikn\u0105\u0107 nawrot\u00f3w w przysz\u0142o\u015bci.<\/p>\n\n\n\n<p>Je\u015bli zosta\u0142e\u015b uznany za kierowc\u0119 pod wp\u0142ywem alkoholu, pojawia si\u0119 pytanie, czy zmieni\u0142e\u015b swoje nawyki zwi\u0105zane z piciem \"prawid\u0142owo\" (abstynencja, abstynencja, ograniczenie si\u0119 do okazjonalnego spo\u017cywania niewielkich ilo\u015bci) i jakie dowody medyczne mo\u017cesz przedstawi\u0107, aby to udowodni\u0107. Od tego mo\u017ce r\u00f3wnie\u017c zale\u017ce\u0107 najwcze\u015bniejsza data rozpocz\u0119cia MPU. To samo dotyczy przest\u0119pstw narkotykowych.<br>Po zako\u0144czeniu sesji doradczej zostanie sporz\u0105dzony pisemny wynik doradztwa oraz, w razie potrzeby, zalecenie dotycz\u0105ce dalszych krok\u00f3w.<\/p>\n\n\n\n<p>W <strong>bezp\u0142atna konsultacja<\/strong> okre\u015bli, co jest przydatne podczas przygotowywania MPU z zakresu psychologii ruchu drogowego.<\/p>\n\n\n\n<p>Ekspert jest przeszkolony do oceny intencji drugiej strony. Ustalane jest, czy kierowca jest \u015bwiadomy swojej winy. W ten spos\u00f3b opracowywane s\u0105 powi\u0105zania mi\u0119dzy stylem \u017cycia a wykroczeniami drogowymi.<\/p>\n\n\n\n<p>Po tym nast\u0119puje badanie w\u0142asnej historii i zaanga\u017cowanie w przesz\u0142o\u015b\u0107 i przysz\u0142o\u015b\u0107. Musi pojawi\u0107 si\u0119 jasny proces my\u015blowy, a tak\u017ce wola bardziej odpowiedzialnego dzia\u0142ania w przysz\u0142o\u015bci.<\/p>\n\n\n\n<p>Nie jest \u0142atwo rozpozna\u0107 w sobie powi\u0105zania i wyci\u0105gn\u0105\u0107 w\u0142a\u015bciwe wnioski. Dlatego tak wa\u017cne jest profesjonalne wsparcie i udzia\u0142 w kursie psychologii ruchu drogowego. <a href=\"\/pl\/przygotowanie-mpu-w-jezyku-polskim\/\" title=\"Przygotowanie do MPU w j\u0119zyku polskim\"  data-wpil-monitor-id=\"65\">Przygotowanie<\/a> dla MPU ma sens.<\/p>\n\n\n\n<p>Wsp\u00f3lnie przeanalizujemy akta dotycz\u0105ce Twojego prawa jazdy i om\u00f3wimy pope\u0142nione przez Ciebie wykroczenia drogowe. Przeanalizujemy r\u00f3wnie\u017c ich t\u0142o (np. okoliczno\u015bci sytuacyjne, wcze\u015bniejsze nawyki zwi\u0105zane ze spo\u017cywaniem alkoholu i narkotyk\u00f3w, wcze\u015bniejsze zachowania na drodze lub wa\u017cne wydarzenia w historii \u017cycia). Celem jest wyja\u015bnienie \"dlaczego\" i \"po co\", przyczyn (warunk\u00f3w) i cel\u00f3w Twojego zachowania.<\/p>\n\n\n\n<p>Nast\u0119pnie opracujemy punkty wyj\u015bcia do zmian zachowa\u0144 przy wsparciu psychologicznym. NP:<\/p>\n\n\n\n<ul class=\"wp-block-list\">\n<li>R\u00f3\u017cne sposoby radzenia sobie ze stresem w pracy, w rodzinie lub w zwi\u0105zku partnerskim<\/li>\n\n\n\n<li>Oceniaj siebie bardziej realistycznie lub wyznaczaj sobie bardziej realistyczne cele.<\/li>\n\n\n\n<li>Nauka m\u00f3wienia \"NIE\"<\/li>\n\n\n\n<li>Zmieniaj\u0105ce si\u0119 nawyki konsument\u00f3w<\/li>\n<\/ul>\n\n\n\n<p>W fazie pr\u00f3bnej wprowadzimy nowe zachowania w \u017cycie i om\u00f3wimy nasze do\u015bwiadczenia. Istotnym tematem jest r\u00f3wnie\u017c nawr\u00f3t, unikanie starych nawyk\u00f3w i znajdowanie sposob\u00f3w konstruktywnego radzenia sobie z nimi.<\/p>\n\n\n\n<p>Cz\u0119sto uznaje si\u0119, \u017ce praca nad tymi tematami nie tylko pomaga przezwyci\u0119\u017cy\u0107 MPU, ale jest r\u00f3wnie\u017c przydatna w \u017cyciu prywatnym i zawodowym w og\u00f3le.<\/p>\n\n\n\n<p>Na koniec otrzymasz za\u015bwiadczenie o uczestnictwie, okre\u015blaj\u0105ce mi\u0119dzy innymi ca\u0142kowity czas trwania i liczb\u0119 miejsc, w kt\u00f3rych uczestniczy\u0142e\u015b.<\/p>\n\n\n\n<h2 class=\"wp-block-heading\">Spis tre\u015bci<\/h2>\n\n\n<div class=\"rank-math-html-sitemap\"><div class=\"rank-math-html-sitemap__section rank-math-html-sitemap__section--post-type rank-math-html-sitemap__section--post\"><h2 class=\"rank-math-html-sitemap__title\">Wpisy<\/h2><ul class=\"rank-math-html-sitemap__list\"><li class=\"rank-math-html-sitemap__item\"><a href=\"https:\/\/mpu.info.pl\/pl\/przygotowanie-dp-mpu\" class=\"rank-math-html-sitemap__link\">Przygotowanie T&amp;W MPU<\/a><\/li><li class=\"rank-math-html-sitemap__item\"><a href=\"https:\/\/mpu.info.pl\/pl\/punkty-we-flensburgu\" class=\"rank-math-html-sitemap__link\">Punkty we Flensburgu: co powinni wiedzie\u0107 sprawcy wykrocze\u0144 drogowych<\/a><\/li><li class=\"rank-math-html-sitemap__item\"><a href=\"https:\/\/mpu.info.pl\/pl\/10-wskazowek-dotyczacych-skutecznego-przygotowania-do-mpu\" class=\"rank-math-html-sitemap__link\">10 najwa\u017cniejszych wskaz\u00f3wek dotycz\u0105cych udanego przygotowania do MPU<\/a><\/li><li class=\"rank-math-html-sitemap__item\"><a href=\"https:\/\/mpu.info.pl\/pl\/przygotowanie-mpu-w-jezyku-niemieckim\" class=\"rank-math-html-sitemap__link\">Przygotowanie do MPU w j\u0119zyku niemieckim<\/a><\/li><li class=\"rank-math-html-sitemap__item\"><a href=\"https:\/\/mpu.info.pl\/pl\/przygotowanie-mpu-w-jezyku-polskim\" class=\"rank-math-html-sitemap__link\">Przygotowanie do MPU w j\u0119zyku polskim<\/a><\/li><\/ul><\/div><div class=\"rank-math-html-sitemap__section rank-math-html-sitemap__section--post-type rank-math-html-sitemap__section--page\"><h2 class=\"rank-math-html-sitemap__title\">Strony<\/h2><ul class=\"rank-math-html-sitemap__list\"><li class=\"rank-math-html-sitemap__item\"><a href=\"https:\/\/mpu.info.pl\/pl\/\" class=\"rank-math-html-sitemap__link\">Doradztwo MPU<\/a><\/li><li class=\"rank-math-html-sitemap__item\"><a href=\"https:\/\/mpu.info.pl\/pl\/kontakt\" class=\"rank-math-html-sitemap__link\">Skontaktuj si\u0119 z nami<\/a><\/li><li class=\"rank-math-html-sitemap__item\"><a href=\"https:\/\/mpu.info.pl\/pl\/o-doradztwie-dp-mpu\" class=\"rank-math-html-sitemap__link\">O doradztwie D&amp;P MPU<\/a><\/li><li class=\"rank-math-html-sitemap__item\"><a href=\"https:\/\/mpu.info.pl\/pl\/alkohol-mpu\" class=\"rank-math-html-sitemap__link\">MPU pod wp\u0142ywem alkoholu<\/a><\/li><li class=\"rank-math-html-sitemap__item\"><a href=\"https:\/\/mpu.info.pl\/pl\/dyrektywa-w-sprawie-plikow-cookie-ue\" class=\"rank-math-html-sitemap__link\">Dyrektywa w sprawie plik\u00f3w cookie (UE)<\/a><\/li><li class=\"rank-math-html-sitemap__item\"><a href=\"https:\/\/mpu.info.pl\/pl\/mpu-doradztwo-online\" class=\"rank-math-html-sitemap__link\">Doradztwo online MPU w j\u0119zyku polskim i niemieckim<\/a><\/li><li class=\"rank-math-html-sitemap__item\"><a href=\"https:\/\/mpu.info.pl\/pl\/konsultacje-mpu-odzyskanie-prawa-jazdy\" class=\"rank-math-html-sitemap__link\">Badanie medyczno-psychologiczne w celu odzyskania prawa jazdy<\/a><\/li><li class=\"rank-math-html-sitemap__item\"><a href=\"https:\/\/mpu.info.pl\/pl\/leki-mpu\" class=\"rank-math-html-sitemap__link\">MPU spowodowane przez leki<\/a><\/li><li class=\"rank-math-html-sitemap__item\"><a href=\"https:\/\/mpu.info.pl\/pl\/mpu-z-powodu-punktow\" class=\"rank-math-html-sitemap__link\">MPU z powodu punkt\u00f3w we Flensburgu<\/a><\/li><li class=\"rank-math-html-sitemap__item\"><a href=\"https:\/\/mpu.info.pl\/pl\/mpu-z-powodu-choroby\" class=\"rank-math-html-sitemap__link\">MPU z powodu chor\u00f3b i niepe\u0142nosprawno\u015bci<\/a><\/li><li class=\"rank-math-html-sitemap__item\"><a href=\"https:\/\/mpu.info.pl\/pl\/mpu-z-powodu-przestepstw\" class=\"rank-math-html-sitemap__link\">MPU z powodu przest\u0119pstw kryminalnych<\/a><\/li><li class=\"rank-math-html-sitemap__item\"><a href=\"https:\/\/mpu.info.pl\/pl\/spis-tresci-przygotowanie-mpu\" class=\"rank-math-html-sitemap__link\">Spis tre\u015bci Przygotowanie MPU Polish<\/a><\/li><li class=\"rank-math-html-sitemap__item\"><a href=\"https:\/\/mpu.info.pl\/pl\/polityka-prywatnosci-dla-mediow-spolecznosciowych\" class=\"rank-math-html-sitemap__link\">Polityka prywatno\u015bci dla Social Madia<\/a><\/li><li class=\"rank-math-html-sitemap__item\"><a href=\"https:\/\/mpu.info.pl\/pl\/oswiadczenie-o-ochronie-danych\" class=\"rank-math-html-sitemap__link\">Polityka prywatno\u015bci<\/a><\/li><li class=\"rank-math-html-sitemap__item\"><a href=\"https:\/\/mpu.info.pl\/pl\/odcisk\" class=\"rank-math-html-sitemap__link\">Nadruk<\/a><\/li><\/ul><\/div><div class=\"rank-math-html-sitemap__section rank-math-html-sitemap__section--taxonomy rank-math-html-sitemap__section--category\"><h2 class=\"rank-math-html-sitemap__title\">Kategoria<\/h2><ul class=\"rank-math-html-sitemap__list\"><li class=\"rank-math-html-sitemap__item\"><a href=\"https:\/\/mpu.info.pl\/pl\/przygotowanie-do-doradztwa-mpu\" class=\"rank-math-html-sitemap__link\">Doradztwo i przygotowanie MPU<\/a><\/li><\/ul><\/div><\/div>","protected":false},"excerpt":{"rendered":"<p>Verkehrspsychologische Beratung und MPU-Vorbereitung in polnischer Sprache Verkehrspsychologische MPU-Beratung nat\u00fcrlich auch in deutscher Sprache. Direkter Kontakt auch \u00fcber WhatsApp unter: +49 173 77 33 42 3 Zum Thema Medizinisch-Psychologische Untersuchung, kurz \u201eMPU\u201c, gibt es viele Vorurteile und Geschichten, die Betroffene verunsichern und irritieren. Was stimmt wirklich? Was muss man erf\u00fcllen, um eine MPU zu bestehen? [&hellip;]<\/p>\n","protected":false},"author":1,"featured_media":0,"parent":0,"menu_order":0,"comment_status":"closed","ping_status":"closed","template":"","meta":{"footnotes":""},"class_list":["post-1879","page","type-page","status-publish","hentry"],"_links":{"self":[{"href":"https:\/\/mpu.info.pl\/pl\/wp-json\/wp\/v2\/pages\/1879","targetHints":{"allow":["GET"]}}],"collection":[{"href":"https:\/\/mpu.info.pl\/pl\/wp-json\/wp\/v2\/pages"}],"about":[{"href":"https:\/\/mpu.info.pl\/pl\/wp-json\/wp\/v2\/types\/page"}],"author":[{"embeddable":true,"href":"https:\/\/mpu.info.pl\/pl\/wp-json\/wp\/v2\/users\/1"}],"replies":[{"embeddable":true,"href":"https:\/\/mpu.info.pl\/pl\/wp-json\/wp\/v2\/comments?post=1879"}],"version-history":[{"count":0,"href":"https:\/\/mpu.info.pl\/pl\/wp-json\/wp\/v2\/pages\/1879\/revisions"}],"wp:attachment":[{"href":"https:\/\/mpu.info.pl\/pl\/wp-json\/wp\/v2\/media?parent=1879"}],"curies":[{"name":"wp","href":"https:\/\/api.w.org\/{rel}","templated":true}]}}