{"id":1860,"date":"2024-06-05T15:41:23","date_gmt":"2024-06-05T13:41:23","guid":{"rendered":"https:\/\/stoic-nightingale.49-13-145-63.plesk.page\/?page_id=1860"},"modified":"2024-06-05T15:41:24","modified_gmt":"2024-06-05T13:41:24","slug":"odcisk","status":"publish","type":"page","link":"https:\/\/mpu.info.pl\/pl\/impressum","title":{"rendered":"Nadruk"},"content":{"rendered":"<div style=\"word-wrap: break-word;\">\n\n<p>Thomas Wulff<br \/>\nDoradztwo T &amp; W MPU<br \/>\nZa wiosk\u0105 4<br \/>\n24975 Hanower<\/p>\n\n<h2>Skontaktuj si\u0119 z nami<\/h2>\n<p>Telefon: +49 151 400 526 25<br \/>\nFaks: +49<br \/>\nE-mail: info@mpu.info.pl<\/p>\n\n<h2>Odpowiedzialno\u015b\u0107 redakcyjna<\/h2>\n<p>Thomas Wulff<br \/>\r\nZa wiosk\u0105 4<br \/>\r\n24975 Hanower<\/p>\n\n<h2>Rozstrzyganie spor\u00f3w w UE<\/h2>\n<p>Komisja Europejska zapewnia platform\u0119 internetowego rozstrzygania spor\u00f3w (OS): <a href=\"https:\/\/ec.europa.eu\/consumers\/odr\/\" target=\"_blank\" rel=\"noopener noreferrer\">https:\/\/ec.europa.eu\/consumers\/odr\/<span class=\"wpil-link-icon\" title=\"Link otwiera si\u0119 w nowym oknie\" style=\"margin: 0 0 0 5px;\"><svg width=\"24\" height=\"24\" style=\"height:16px; width:16px; fill:#000000; stroke:#000000; display:inline-block;\" viewbox=\"0 0 24 24\" version=\"1.1\" xmlns=\"http:\/\/www.w3.org\/2000\/svg\" xmlns:svg=\"http:\/\/www.w3.org\/2000\/svg\"><g id=\"wpil-svg-outbound-7-icon-path\" fill=\"none\" clip-path=\"url(#clip0_31_188)\">\r\n                            <path d=\"M9.16724 14.8891L20.1672 3.88908\" stroke-linecap=\"round\"\/>\r\n                            <path d=\"M13.4497 3.53554L20.5208 3.53554L20.5208 10.6066\" stroke-linecap=\"round\" stroke-linejoin=\"round\"\/>\r\n                            <path d=\"M17.5 13.5L17.5 16.26C17.5 17.4179 17.5 17.9968 17.2675 18.4359C17.0799 18.7902 16.7902 19.0799 16.4359 19.2675C15.9968 19.5 15.4179 19.5 14.26 19.5L7.74 19.5C6.58213 19.5 6.0032 19.5 5.56414 19.2675C5.20983 19.0799 4.92007 18.7902 4.73247 18.4359C4.5 17.9968 4.5 17.4179 4.5 16.26L4.5 9.74C4.5 8.58213 4.5 8.0032 4.73247 7.56414C4.92007 7.20983 5.20982 6.92007 5.56414 6.73247C6.0032 6.5 6.58213 6.5 7.74 6.5L11 6.5\" stroke-linecap=\"round\"\/>\r\n                        <\/g>\r\n                        <defs>\r\n                            <clippath id=\"clip0_31_188\">\r\n                                <rect fill=\"white\" height=\"24\" width=\"24\"\/>\r\n                            <\/clippath>\r\n                        <\/defs><\/svg><\/span><\/a>.<br \/> Nasz adres e-mail mo\u017cna znale\u017a\u0107 w powy\u017cszej nocie prawnej.<\/p>\n\n<h2>Rozstrzyganie spor\u00f3w konsumenckich\/uniwersalne centrum arbitra\u017cowe<\/h2>\n<p>Nie jeste\u015bmy sk\u0142onni ani zobowi\u0105zani do udzia\u0142u w post\u0119powaniu rozstrzygaj\u0105cym spory przed komisj\u0105 arbitra\u017cow\u0105 ds. konsument\u00f3w.<\/p><\/div>","protected":false},"excerpt":{"rendered":"","protected":false},"author":1,"featured_media":0,"parent":0,"menu_order":0,"comment_status":"closed","ping_status":"closed","template":"","meta":{"footnotes":""},"class_list":["post-1860","page","type-page","status-publish","hentry"],"_links":{"self":[{"href":"https:\/\/mpu.info.pl\/pl\/wp-json\/wp\/v2\/pages\/1860","targetHints":{"allow":["GET"]}}],"collection":[{"href":"https:\/\/mpu.info.pl\/pl\/wp-json\/wp\/v2\/pages"}],"about":[{"href":"https:\/\/mpu.info.pl\/pl\/wp-json\/wp\/v2\/types\/page"}],"author":[{"embeddable":true,"href":"https:\/\/mpu.info.pl\/pl\/wp-json\/wp\/v2\/users\/1"}],"replies":[{"embeddable":true,"href":"https:\/\/mpu.info.pl\/pl\/wp-json\/wp\/v2\/comments?post=1860"}],"version-history":[{"count":0,"href":"https:\/\/mpu.info.pl\/pl\/wp-json\/wp\/v2\/pages\/1860\/revisions"}],"wp:attachment":[{"href":"https:\/\/mpu.info.pl\/pl\/wp-json\/wp\/v2\/media?parent=1860"}],"curies":[{"name":"wp","href":"https:\/\/api.w.org\/{rel}","templated":true}]}}